{"id":151,"date":"2016-01-19T13:02:35","date_gmt":"2016-01-19T13:02:35","guid":{"rendered":"http:\/\/localhost\/guia\/?page_id=151"},"modified":"2017-08-24T17:28:51","modified_gmt":"2017-08-24T17:28:51","slug":"educacao","status":"publish","type":"page","link":"https:\/\/guarulhosemrede.com.br\/guia\/educacao\/","title":{"rendered":"Educa\u00e7\u00e3o"},"content":{"rendered":"<div id=\"td_uid_1_69f17b4169b5d\" class=\"tdc-row\"><div class=\"vc_row td_uid_1_69f17b4169b68_rand  wpb_row td-pb-row\" ><div class=\"vc_column td_uid_2_69f17b4169be6_rand  wpb_column vc_column_container td-pb-span12\"><div class=\"wpb_wrapper\"><div class=\"wpb_wrapper td_block_wrap vc_raw_html td_uid_3_69f17b4169c64_rand \"><font size=\"6\" color=\"#990099\"><b> <img loading=\"lazy\" decoding=\"async\" src=\"http:\/\/guarulhosemrede.com.br\/guia\/wp-content\/uploads\/2016\/01\/icone-educacao.jpg\" width=\"50\" height=\"50\"> Educa\u00e7\u00e3o<\/font>\n\n<br\/>\n\n<font color=\"#990099\">____________________________________________________________________________________________________________________________________________________________________________________ <\/b><\/font>\n\n\n<font size=\"2\">\n<br\/><br\/>\nSe voc\u00ea deseja divulgar <b>GRATUITAMENTE <\/b>sua empresa nesta p\u00e1gina, por favor cadastre-se clicando <a href=\"http:\/\/guarulhosemrede.com.br\/guia\/cadastre-se\/\"><b>aqui<\/b><\/a>!\n<br\/><br\/>\n\n\n<\/font><\/div><div class=\"td_block_wrap td_block_7 td_uid_4_69f17b4169ebd_rand td_with_ajax_pagination td-pb-border-top td_block_template_1 td-column-3 td_block_padding\"  data-td-block-uid=\"td_uid_4_69f17b4169ebd\" >\n<style>\nbody .td_uid_4_69f17b4169ebd_rand .td_module_wrap:hover .entry-title a,\n            body .td_uid_4_69f17b4169ebd_rand .td-pulldown-filter-link:hover,\n            body .td_uid_4_69f17b4169ebd_rand .td-subcat-item a:hover,\n            body .td_uid_4_69f17b4169ebd_rand .td-subcat-item .td-cur-simple-item,\n            body .td_uid_4_69f17b4169ebd_rand .td_quote_on_blocks,\n            body .td_uid_4_69f17b4169ebd_rand .td-opacity-cat .td-post-category:hover,\n            body .td_uid_4_69f17b4169ebd_rand .td-opacity-read .td-read-more a:hover,\n            body .td_uid_4_69f17b4169ebd_rand .td-opacity-author .td-post-author-name a:hover,\n            body .td_uid_4_69f17b4169ebd_rand .td-instagram-user a {\n                color: #81d742;\n            }\n\n            body .td_uid_4_69f17b4169ebd_rand .td-next-prev-wrap a:hover,\n            body .td_uid_4_69f17b4169ebd_rand .td-load-more-wrap a:hover {\n                background-color: #81d742;\n                border-color: #81d742;\n            }\n\n            body .td_uid_4_69f17b4169ebd_rand .block-title > *,\n            body .td_uid_4_69f17b4169ebd_rand .td-trending-now-title,\n            body .td_uid_4_69f17b4169ebd_rand .td-read-more a,\n            body .td_uid_4_69f17b4169ebd_rand .td-weather-information:before,\n            body .td_uid_4_69f17b4169ebd_rand .td-weather-week:before,\n            body .td_uid_4_69f17b4169ebd_rand .td-subcat-dropdown:hover .td-subcat-more,\n            body .td_uid_4_69f17b4169ebd_rand .td-exchange-header:before,\n            body .td-footer-wrapper .td_uid_4_69f17b4169ebd_rand .td-post-category,\n            body .td_uid_4_69f17b4169ebd_rand .td-post-category:hover {\n                background-color: #81d742;\n            }\n            body .td-footer-wrapper .td_uid_4_69f17b4169ebd_rand .block-title > * {\n                padding: 6px 7px 5px;\n                line-height: 1;\n            }\n\n            body .td_uid_4_69f17b4169ebd_rand .block-title {\n                border-color: #81d742;\n            }\n<\/style><script>var block_td_uid_4_69f17b4169ebd = new tdBlock();\nblock_td_uid_4_69f17b4169ebd.id = \"td_uid_4_69f17b4169ebd\";\nblock_td_uid_4_69f17b4169ebd.atts = '{\"limit\":\"10\",\"sort\":\"\",\"post_ids\":\"\",\"tag_slug\":\"\",\"autors_id\":\"\",\"installed_post_types\":\"\",\"category_id\":\"39\",\"category_ids\":\"\",\"custom_title\":\"\",\"custom_url\":\"#\",\"show_child_cat\":\"\",\"sub_cat_ajax\":\"\",\"ajax_pagination\":\"infinite\",\"header_color\":\"#81d742\",\"header_text_color\":\"\",\"ajax_pagination_infinite_stop\":\"\",\"td_column_number\":3,\"td_ajax_preloading\":\"\",\"td_ajax_filter_type\":\"\",\"td_ajax_filter_ids\":\"\",\"td_filter_default_txt\":\"Tudo\",\"color_preset\":\"\",\"border_top\":\"\",\"class\":\"td_uid_4_69f17b4169ebd_rand\",\"el_class\":\"\",\"offset\":\"\",\"css\":\"\",\"tdc_css\":\"\",\"tdc_css_class\":\"td_uid_4_69f17b4169ebd_rand\",\"tdc_css_class_style\":\"td_uid_4_69f17b4169ebd_rand_style\",\"live_filter\":\"\",\"live_filter_cur_post_id\":\"\",\"live_filter_cur_post_author\":\"\",\"block_template_id\":\"\"}';\nblock_td_uid_4_69f17b4169ebd.td_column_number = \"3\";\nblock_td_uid_4_69f17b4169ebd.block_type = \"td_block_7\";\nblock_td_uid_4_69f17b4169ebd.post_count = \"5\";\nblock_td_uid_4_69f17b4169ebd.found_posts = \"5\";\nblock_td_uid_4_69f17b4169ebd.header_color = \"#81d742\";\nblock_td_uid_4_69f17b4169ebd.ajax_pagination_infinite_stop = \"\";\nblock_td_uid_4_69f17b4169ebd.max_num_pages = \"1\";\ntdBlocksArray.push(block_td_uid_4_69f17b4169ebd);\n<\/script><div class=\"td-block-title-wrap\"><\/div><div id=td_uid_4_69f17b4169ebd class=\"td_block_inner\">\n\n\t<div class=\"td-block-row\">\n\n\t<div class=\"td-block-span4\">\n\n        <div class=\"td_module_6 td_module_wrap td-animation-stack td-meta-info-hide\">\n\n        <div class=\"td-module-thumb\"><a href=\"https:\/\/guarulhosemrede.com.br\/guia\/graphis-estudio-e-escola-de-desenho\/\" rel=\"bookmark\" title=\"Graphis Estudio e Escola de Desenho\"><img loading=\"lazy\" decoding=\"async\" width=\"100\" height=\"70\" class=\"entry-thumb\" src=\"https:\/\/guarulhosemrede.com.br\/guia\/wp-content\/uploads\/2016\/12\/graphis-capa-100x70.jpg\" srcset=\"https:\/\/guarulhosemrede.com.br\/guia\/wp-content\/uploads\/2016\/12\/graphis-capa-100x70.jpg 100w, https:\/\/guarulhosemrede.com.br\/guia\/wp-content\/uploads\/2016\/12\/graphis-capa-200x140.jpg 200w\" sizes=\"auto, (-webkit-min-device-pixel-ratio: 2) 200px, (min-resolution: 192dpi) 200px, 100px\" alt=\"\" title=\"Graphis Estudio e Escola de Desenho\"\/><\/a><\/div>\n        <div class=\"item-details\">\n            <h3 class=\"entry-title td-module-title\"><a href=\"https:\/\/guarulhosemrede.com.br\/guia\/graphis-estudio-e-escola-de-desenho\/\" rel=\"bookmark\" title=\"Graphis Estudio e Escola de Desenho\">Graphis Estudio e Escola de Desenho<\/a><\/h3>            <div class=\"td-module-meta-info\">\n                                                                            <\/div>\n        <\/div>\n\n        <\/div>\n\n        \n\t<\/div> <!-- .\/td-block-span4 -->\n\n\t<div class=\"td-block-span4\">\n\n        <div class=\"td_module_6 td_module_wrap td-animation-stack td-meta-info-hide\">\n\n        <div class=\"td-module-thumb\"><a href=\"https:\/\/guarulhosemrede.com.br\/guia\/halftones-escola-de-desenho\/\" rel=\"bookmark\" title=\"Halftones Escola de Desenho\"><img loading=\"lazy\" decoding=\"async\" width=\"100\" height=\"70\" class=\"entry-thumb\" src=\"https:\/\/guarulhosemrede.com.br\/guia\/wp-content\/uploads\/2016\/06\/Halftones-capa-100x70.jpg\" srcset=\"https:\/\/guarulhosemrede.com.br\/guia\/wp-content\/uploads\/2016\/06\/Halftones-capa-100x70.jpg 100w, https:\/\/guarulhosemrede.com.br\/guia\/wp-content\/uploads\/2016\/06\/Halftones-capa-200x140.jpg 200w\" sizes=\"auto, (-webkit-min-device-pixel-ratio: 2) 200px, (min-resolution: 192dpi) 200px, 100px\" alt=\"\" title=\"Halftones Escola de Desenho\"\/><\/a><\/div>\n        <div class=\"item-details\">\n            <h3 class=\"entry-title td-module-title\"><a href=\"https:\/\/guarulhosemrede.com.br\/guia\/halftones-escola-de-desenho\/\" rel=\"bookmark\" title=\"Halftones Escola de Desenho\">Halftones Escola de Desenho<\/a><\/h3>            <div class=\"td-module-meta-info\">\n                                                                            <\/div>\n        <\/div>\n\n        <\/div>\n\n        \n\t<\/div> <!-- .\/td-block-span4 -->\n\n\t<div class=\"td-block-span4\">\n\n        <div class=\"td_module_6 td_module_wrap td-animation-stack td-meta-info-hide\">\n\n        <div class=\"td-module-thumb\"><a href=\"https:\/\/guarulhosemrede.com.br\/guia\/organizacao-internacional-nova-acropole-de-guarulhos\/\" rel=\"bookmark\" title=\"Organiza\u00e7\u00e3o Internacional Nova Acr\u00f3pole &#8211; Sede Guarulhos\"><img loading=\"lazy\" decoding=\"async\" width=\"100\" height=\"70\" class=\"entry-thumb\" src=\"https:\/\/guarulhosemrede.com.br\/guia\/wp-content\/uploads\/2016\/03\/nova-acropole-capa-100x70.jpg\" srcset=\"https:\/\/guarulhosemrede.com.br\/guia\/wp-content\/uploads\/2016\/03\/nova-acropole-capa-100x70.jpg 100w, https:\/\/guarulhosemrede.com.br\/guia\/wp-content\/uploads\/2016\/03\/nova-acropole-capa-200x137.jpg 200w\" sizes=\"auto, (-webkit-min-device-pixel-ratio: 2) 200px, (min-resolution: 192dpi) 200px, 100px\" alt=\"\" title=\"Organiza\u00e7\u00e3o Internacional Nova Acr\u00f3pole &#8211; Sede Guarulhos\"\/><\/a><\/div>\n        <div class=\"item-details\">\n            <h3 class=\"entry-title td-module-title\"><a href=\"https:\/\/guarulhosemrede.com.br\/guia\/organizacao-internacional-nova-acropole-de-guarulhos\/\" rel=\"bookmark\" title=\"Organiza\u00e7\u00e3o Internacional Nova Acr\u00f3pole &#8211; Sede Guarulhos\">Organiza\u00e7\u00e3o Internacional Nova Acr\u00f3pole &#8211; Sede Guarulhos<\/a><\/h3>            <div class=\"td-module-meta-info\">\n                                                                            <\/div>\n        <\/div>\n\n        <\/div>\n\n        \n\t<\/div> <!-- .\/td-block-span4 --><\/div><!--.\/row-fluid-->\n\n\t<div class=\"td-block-row\">\n\n\t<div class=\"td-block-span4\">\n\n        <div class=\"td_module_6 td_module_wrap td-animation-stack td-meta-info-hide\">\n\n        <div class=\"td-module-thumb\"><a href=\"https:\/\/guarulhosemrede.com.br\/guia\/speech-up\/\" rel=\"bookmark\" title=\"Speech-Up\"><img loading=\"lazy\" decoding=\"async\" width=\"100\" height=\"70\" class=\"entry-thumb\" src=\"https:\/\/guarulhosemrede.com.br\/guia\/wp-content\/uploads\/2016\/03\/speech-up-capa-100x70.jpg\" srcset=\"https:\/\/guarulhosemrede.com.br\/guia\/wp-content\/uploads\/2016\/03\/speech-up-capa-100x70.jpg 100w, https:\/\/guarulhosemrede.com.br\/guia\/wp-content\/uploads\/2016\/03\/speech-up-capa-200x140.jpg 200w\" sizes=\"auto, (-webkit-min-device-pixel-ratio: 2) 200px, (min-resolution: 192dpi) 200px, 100px\" alt=\"\" title=\"Speech-Up\"\/><\/a><\/div>\n        <div class=\"item-details\">\n            <h3 class=\"entry-title td-module-title\"><a href=\"https:\/\/guarulhosemrede.com.br\/guia\/speech-up\/\" rel=\"bookmark\" title=\"Speech-Up\">Speech-Up<\/a><\/h3>            <div class=\"td-module-meta-info\">\n                                                                            <\/div>\n        <\/div>\n\n        <\/div>\n\n        \n\t<\/div> <!-- .\/td-block-span4 -->\n\n\t<div class=\"td-block-span4\">\n\n        <div class=\"td_module_6 td_module_wrap td-animation-stack td-meta-info-hide\">\n\n        <div class=\"td-module-thumb\"><a href=\"https:\/\/guarulhosemrede.com.br\/guia\/escola-de-educacao-infantil-flor-da-montanha\/\" rel=\"bookmark\" title=\"Escola de Educa\u00e7\u00e3o Infantil Flor da Montanha\"><img loading=\"lazy\" decoding=\"async\" width=\"100\" height=\"70\" class=\"entry-thumb\" src=\"https:\/\/guarulhosemrede.com.br\/guia\/wp-content\/uploads\/2016\/01\/eei-flor-da-montanha-100x70.png\" srcset=\"https:\/\/guarulhosemrede.com.br\/guia\/wp-content\/uploads\/2016\/01\/eei-flor-da-montanha-100x70.png 100w, https:\/\/guarulhosemrede.com.br\/guia\/wp-content\/uploads\/2016\/01\/eei-flor-da-montanha-200x140.png 200w\" sizes=\"auto, (-webkit-min-device-pixel-ratio: 2) 200px, (min-resolution: 192dpi) 200px, 100px\" alt=\"\" title=\"Escola de Educa\u00e7\u00e3o Infantil Flor da Montanha\"\/><\/a><\/div>\n        <div class=\"item-details\">\n            <h3 class=\"entry-title td-module-title\"><a href=\"https:\/\/guarulhosemrede.com.br\/guia\/escola-de-educacao-infantil-flor-da-montanha\/\" rel=\"bookmark\" title=\"Escola de Educa\u00e7\u00e3o Infantil Flor da Montanha\">Escola de Educa\u00e7\u00e3o Infantil Flor da Montanha<\/a><\/h3>            <div class=\"td-module-meta-info\">\n                                                                            <\/div>\n        <\/div>\n\n        <\/div>\n\n        \n\t<\/div> <!-- .\/td-block-span4 --><\/div><!--.\/row-fluid--><\/div><\/div> <!-- .\/block --><\/div><\/div><\/div><\/div>","protected":false},"excerpt":{"rendered":"Educa\u00e7\u00e3o ____________________________________________________________________________________________________________________________________________________________________________________ Se voc\u00ea deseja divulgar GRATUITAMENTE sua empresa nesta p\u00e1gina, por favor cadastre-se clicando aqui! Graphis Estudio e Escola de Desenho Halftones Escola de Desenho Organiza\u00e7\u00e3o Internacional Nova Acr\u00f3pole &#8211; Sede Guarulhos Speech-Up Escola de Educa\u00e7\u00e3o Infantil Flor da Montanha","protected":false},"author":1,"featured_media":218,"parent":0,"menu_order":0,"comment_status":"closed","ping_status":"closed","template":"","meta":{"footnotes":""},"class_list":["post-151","page","type-page","status-publish","has-post-thumbnail","hentry"],"yoast_head":"<!-- This site is optimized with the Yoast SEO plugin v24.9 - https:\/\/yoast.com\/wordpress\/plugins\/seo\/ -->\n<title>Educa\u00e7\u00e3o - Guia - Guarulhos em Rede<\/title>\n<meta name=\"description\" content=\"Empresas do ramo de Educa\u00e7\u00e3o em Guarulhos.\" \/>\n<meta name=\"robots\" content=\"index, follow, max-snippet:-1, max-image-preview:large, max-video-preview:-1\" \/>\n<link rel=\"canonical\" href=\"https:\/\/guarulhosemrede.com.br\/guia\/educacao\/\" \/>\n<meta property=\"og:locale\" content=\"pt_BR\" \/>\n<meta property=\"og:type\" content=\"article\" \/>\n<meta property=\"og:title\" content=\"Educa\u00e7\u00e3o - Guia - Guarulhos em Rede\" \/>\n<meta property=\"og:description\" content=\"Empresas do ramo de Educa\u00e7\u00e3o em Guarulhos.\" \/>\n<meta property=\"og:url\" content=\"https:\/\/guarulhosemrede.com.br\/guia\/educacao\/\" \/>\n<meta property=\"og:site_name\" content=\"Guia - Guarulhos em Rede\" \/>\n<meta property=\"article:publisher\" content=\"http:\/\/www.facebook.com\/guarulhosemrede\" \/>\n<meta property=\"article:modified_time\" content=\"2017-08-24T17:28:51+00:00\" \/>\n<meta property=\"og:image\" content=\"https:\/\/guarulhosemrede.com.br\/guia\/wp-content\/uploads\/2016\/01\/guia-guarulhos-em-rede-logo-definitivo.png\" \/>\n\t<meta property=\"og:image:width\" content=\"388\" \/>\n\t<meta property=\"og:image:height\" content=\"201\" \/>\n\t<meta property=\"og:image:type\" content=\"image\/png\" \/>\n<meta name=\"twitter:card\" content=\"summary_large_image\" \/>\n<meta name=\"twitter:site\" content=\"@guarulhosemrede\" \/>\n<meta name=\"twitter:label1\" content=\"Est. tempo de leitura\" \/>\n\t<meta name=\"twitter:data1\" content=\"1 minuto\" \/>\n<script type=\"application\/ld+json\" class=\"yoast-schema-graph\">{\"@context\":\"https:\/\/schema.org\",\"@graph\":[{\"@type\":\"WebPage\",\"@id\":\"https:\/\/guarulhosemrede.com.br\/guia\/educacao\/\",\"url\":\"https:\/\/guarulhosemrede.com.br\/guia\/educacao\/\",\"name\":\"Educa\u00e7\u00e3o - Guia - Guarulhos em Rede\",\"isPartOf\":{\"@id\":\"https:\/\/guarulhosemrede.com.br\/guia\/#website\"},\"primaryImageOfPage\":{\"@id\":\"https:\/\/guarulhosemrede.com.br\/guia\/educacao\/#primaryimage\"},\"image\":{\"@id\":\"https:\/\/guarulhosemrede.com.br\/guia\/educacao\/#primaryimage\"},\"thumbnailUrl\":\"https:\/\/guarulhosemrede.com.br\/guia\/wp-content\/uploads\/2016\/01\/guia-guarulhos-em-rede-logo-definitivo.png\",\"datePublished\":\"2016-01-19T13:02:35+00:00\",\"dateModified\":\"2017-08-24T17:28:51+00:00\",\"description\":\"Empresas do ramo de Educa\u00e7\u00e3o em Guarulhos.\",\"breadcrumb\":{\"@id\":\"https:\/\/guarulhosemrede.com.br\/guia\/educacao\/#breadcrumb\"},\"inLanguage\":\"pt-BR\",\"potentialAction\":[{\"@type\":\"ReadAction\",\"target\":[\"https:\/\/guarulhosemrede.com.br\/guia\/educacao\/\"]}]},{\"@type\":\"ImageObject\",\"inLanguage\":\"pt-BR\",\"@id\":\"https:\/\/guarulhosemrede.com.br\/guia\/educacao\/#primaryimage\",\"url\":\"https:\/\/guarulhosemrede.com.br\/guia\/wp-content\/uploads\/2016\/01\/guia-guarulhos-em-rede-logo-definitivo.png\",\"contentUrl\":\"https:\/\/guarulhosemrede.com.br\/guia\/wp-content\/uploads\/2016\/01\/guia-guarulhos-em-rede-logo-definitivo.png\",\"width\":388,\"height\":201},{\"@type\":\"BreadcrumbList\",\"@id\":\"https:\/\/guarulhosemrede.com.br\/guia\/educacao\/#breadcrumb\",\"itemListElement\":[{\"@type\":\"ListItem\",\"position\":1,\"name\":\"In\u00edcio\",\"item\":\"https:\/\/guarulhosemrede.com.br\/guia\/\"},{\"@type\":\"ListItem\",\"position\":2,\"name\":\"Educa\u00e7\u00e3o\"}]},{\"@type\":\"WebSite\",\"@id\":\"https:\/\/guarulhosemrede.com.br\/guia\/#website\",\"url\":\"https:\/\/guarulhosemrede.com.br\/guia\/\",\"name\":\"Guia - Guarulhos em Rede\",\"description\":\"Tudo o que voc\u00ea procura est\u00e1 aqui!\",\"publisher\":{\"@id\":\"https:\/\/guarulhosemrede.com.br\/guia\/#organization\"},\"potentialAction\":[{\"@type\":\"SearchAction\",\"target\":{\"@type\":\"EntryPoint\",\"urlTemplate\":\"https:\/\/guarulhosemrede.com.br\/guia\/?s={search_term_string}\"},\"query-input\":{\"@type\":\"PropertyValueSpecification\",\"valueRequired\":true,\"valueName\":\"search_term_string\"}}],\"inLanguage\":\"pt-BR\"},{\"@type\":\"Organization\",\"@id\":\"https:\/\/guarulhosemrede.com.br\/guia\/#organization\",\"name\":\"Princiotti Servi\u00e7os de Inform\u00e1tica\",\"url\":\"https:\/\/guarulhosemrede.com.br\/guia\/\",\"logo\":{\"@type\":\"ImageObject\",\"inLanguage\":\"pt-BR\",\"@id\":\"https:\/\/guarulhosemrede.com.br\/guia\/#\/schema\/logo\/image\/\",\"url\":\"http:\/\/guarulhosemrede.com.br\/guia\/wp-content\/uploads\/2016\/01\/logo-top.png\",\"contentUrl\":\"http:\/\/guarulhosemrede.com.br\/guia\/wp-content\/uploads\/2016\/01\/logo-top.png\",\"width\":1080,\"height\":300,\"caption\":\"Princiotti Servi\u00e7os de Inform\u00e1tica\"},\"image\":{\"@id\":\"https:\/\/guarulhosemrede.com.br\/guia\/#\/schema\/logo\/image\/\"},\"sameAs\":[\"http:\/\/www.facebook.com\/guarulhosemrede\",\"https:\/\/x.com\/guarulhosemrede\",\"https:\/\/www.youtube.com\/channel\/UCzKH0mJrQGNZmfeJoP0CL6Q\"]}]}<\/script>\n<!-- \/ Yoast SEO plugin. -->","yoast_head_json":{"title":"Educa\u00e7\u00e3o - Guia - Guarulhos em Rede","description":"Empresas do ramo de Educa\u00e7\u00e3o em Guarulhos.","robots":{"index":"index","follow":"follow","max-snippet":"max-snippet:-1","max-image-preview":"max-image-preview:large","max-video-preview":"max-video-preview:-1"},"canonical":"https:\/\/guarulhosemrede.com.br\/guia\/educacao\/","og_locale":"pt_BR","og_type":"article","og_title":"Educa\u00e7\u00e3o - Guia - Guarulhos em Rede","og_description":"Empresas do ramo de Educa\u00e7\u00e3o em Guarulhos.","og_url":"https:\/\/guarulhosemrede.com.br\/guia\/educacao\/","og_site_name":"Guia - Guarulhos em Rede","article_publisher":"http:\/\/www.facebook.com\/guarulhosemrede","article_modified_time":"2017-08-24T17:28:51+00:00","og_image":[{"width":388,"height":201,"url":"https:\/\/guarulhosemrede.com.br\/guia\/wp-content\/uploads\/2016\/01\/guia-guarulhos-em-rede-logo-definitivo.png","type":"image\/png"}],"twitter_card":"summary_large_image","twitter_site":"@guarulhosemrede","twitter_misc":{"Est. tempo de leitura":"1 minuto"},"schema":{"@context":"https:\/\/schema.org","@graph":[{"@type":"WebPage","@id":"https:\/\/guarulhosemrede.com.br\/guia\/educacao\/","url":"https:\/\/guarulhosemrede.com.br\/guia\/educacao\/","name":"Educa\u00e7\u00e3o - Guia - Guarulhos em Rede","isPartOf":{"@id":"https:\/\/guarulhosemrede.com.br\/guia\/#website"},"primaryImageOfPage":{"@id":"https:\/\/guarulhosemrede.com.br\/guia\/educacao\/#primaryimage"},"image":{"@id":"https:\/\/guarulhosemrede.com.br\/guia\/educacao\/#primaryimage"},"thumbnailUrl":"https:\/\/guarulhosemrede.com.br\/guia\/wp-content\/uploads\/2016\/01\/guia-guarulhos-em-rede-logo-definitivo.png","datePublished":"2016-01-19T13:02:35+00:00","dateModified":"2017-08-24T17:28:51+00:00","description":"Empresas do ramo de Educa\u00e7\u00e3o em Guarulhos.","breadcrumb":{"@id":"https:\/\/guarulhosemrede.com.br\/guia\/educacao\/#breadcrumb"},"inLanguage":"pt-BR","potentialAction":[{"@type":"ReadAction","target":["https:\/\/guarulhosemrede.com.br\/guia\/educacao\/"]}]},{"@type":"ImageObject","inLanguage":"pt-BR","@id":"https:\/\/guarulhosemrede.com.br\/guia\/educacao\/#primaryimage","url":"https:\/\/guarulhosemrede.com.br\/guia\/wp-content\/uploads\/2016\/01\/guia-guarulhos-em-rede-logo-definitivo.png","contentUrl":"https:\/\/guarulhosemrede.com.br\/guia\/wp-content\/uploads\/2016\/01\/guia-guarulhos-em-rede-logo-definitivo.png","width":388,"height":201},{"@type":"BreadcrumbList","@id":"https:\/\/guarulhosemrede.com.br\/guia\/educacao\/#breadcrumb","itemListElement":[{"@type":"ListItem","position":1,"name":"In\u00edcio","item":"https:\/\/guarulhosemrede.com.br\/guia\/"},{"@type":"ListItem","position":2,"name":"Educa\u00e7\u00e3o"}]},{"@type":"WebSite","@id":"https:\/\/guarulhosemrede.com.br\/guia\/#website","url":"https:\/\/guarulhosemrede.com.br\/guia\/","name":"Guia - Guarulhos em Rede","description":"Tudo o que voc\u00ea procura est\u00e1 aqui!","publisher":{"@id":"https:\/\/guarulhosemrede.com.br\/guia\/#organization"},"potentialAction":[{"@type":"SearchAction","target":{"@type":"EntryPoint","urlTemplate":"https:\/\/guarulhosemrede.com.br\/guia\/?s={search_term_string}"},"query-input":{"@type":"PropertyValueSpecification","valueRequired":true,"valueName":"search_term_string"}}],"inLanguage":"pt-BR"},{"@type":"Organization","@id":"https:\/\/guarulhosemrede.com.br\/guia\/#organization","name":"Princiotti Servi\u00e7os de Inform\u00e1tica","url":"https:\/\/guarulhosemrede.com.br\/guia\/","logo":{"@type":"ImageObject","inLanguage":"pt-BR","@id":"https:\/\/guarulhosemrede.com.br\/guia\/#\/schema\/logo\/image\/","url":"http:\/\/guarulhosemrede.com.br\/guia\/wp-content\/uploads\/2016\/01\/logo-top.png","contentUrl":"http:\/\/guarulhosemrede.com.br\/guia\/wp-content\/uploads\/2016\/01\/logo-top.png","width":1080,"height":300,"caption":"Princiotti Servi\u00e7os de Inform\u00e1tica"},"image":{"@id":"https:\/\/guarulhosemrede.com.br\/guia\/#\/schema\/logo\/image\/"},"sameAs":["http:\/\/www.facebook.com\/guarulhosemrede","https:\/\/x.com\/guarulhosemrede","https:\/\/www.youtube.com\/channel\/UCzKH0mJrQGNZmfeJoP0CL6Q"]}]}},"_links":{"self":[{"href":"https:\/\/guarulhosemrede.com.br\/guia\/wp-json\/wp\/v2\/pages\/151","targetHints":{"allow":["GET"]}}],"collection":[{"href":"https:\/\/guarulhosemrede.com.br\/guia\/wp-json\/wp\/v2\/pages"}],"about":[{"href":"https:\/\/guarulhosemrede.com.br\/guia\/wp-json\/wp\/v2\/types\/page"}],"author":[{"embeddable":true,"href":"https:\/\/guarulhosemrede.com.br\/guia\/wp-json\/wp\/v2\/users\/1"}],"replies":[{"embeddable":true,"href":"https:\/\/guarulhosemrede.com.br\/guia\/wp-json\/wp\/v2\/comments?post=151"}],"version-history":[{"count":9,"href":"https:\/\/guarulhosemrede.com.br\/guia\/wp-json\/wp\/v2\/pages\/151\/revisions"}],"predecessor-version":[{"id":738,"href":"https:\/\/guarulhosemrede.com.br\/guia\/wp-json\/wp\/v2\/pages\/151\/revisions\/738"}],"wp:featuredmedia":[{"embeddable":true,"href":"https:\/\/guarulhosemrede.com.br\/guia\/wp-json\/wp\/v2\/media\/218"}],"wp:attachment":[{"href":"https:\/\/guarulhosemrede.com.br\/guia\/wp-json\/wp\/v2\/media?parent=151"}],"curies":[{"name":"wp","href":"https:\/\/api.w.org\/{rel}","templated":true}]}}