{"id":198,"date":"2016-01-20T02:09:42","date_gmt":"2016-01-20T02:09:42","guid":{"rendered":"http:\/\/guarulhosemrede.com.br\/guia\/?page_id=198"},"modified":"2016-01-20T16:57:40","modified_gmt":"2016-01-20T16:57:40","slug":"cadastre-se","status":"publish","type":"page","link":"https:\/\/guarulhosemrede.com.br\/guia\/cadastre-se\/","title":{"rendered":"Cadastre-se"},"content":{"rendered":"<div id=\"td_uid_1_69f17b6f79134\" class=\"tdc-row\"><div class=\"vc_row td_uid_1_69f17b6f7913f_rand  wpb_row td-pb-row\" ><div class=\"vc_column td_uid_2_69f17b6f791e2_rand  wpb_column vc_column_container td-pb-span12\"><div class=\"wpb_wrapper\">[vc_wp_text title=&#8221;Cadastre sua Empresa&#8221;]<div class=\"wpb_wrapper td_block_wrap vc_raw_html td_uid_3_69f17b6f7926a_rand \"><br\/><br\/>Deseja ter sua empresa <b>GRATUITAMENTE<\/b> no <b>Guia - Guarulhos em Rede<\/b>? Preencha o formul\u00e1rio abaixo e ap\u00f3s an\u00e1lise e aprova\u00e7\u00e3o, ser\u00e1 publicado.\n\n<br\/>\n<br\/<i>*As informa\u00e7\u00f5es enviadas ao <b>Guia - Guarulhos em Rede<\/b> s\u00e3o de inteira responsabilidade da empresa.<\/i>\n<br\/><br\/>\n<\/div>[vc_wp_text]\r\n\r\n<b>\n<div class=\"wpcf7 no-js\" id=\"wpcf7-f296-o1\" lang=\"pt-BR\" dir=\"ltr\" data-wpcf7-id=\"296\">\n<div class=\"screen-reader-response\"><p role=\"status\" aria-live=\"polite\" aria-atomic=\"true\"><\/p> <ul><\/ul><\/div>\n<form action=\"\/guia\/wp-json\/wp\/v2\/pages\/198#wpcf7-f296-o1\" method=\"post\" class=\"wpcf7-form init\" aria-label=\"Formul\u00e1rios de contato\" enctype=\"multipart\/form-data\" novalidate=\"novalidate\" data-status=\"init\">\n<div style=\"display: none;\">\n<input type=\"hidden\" name=\"_wpcf7\" value=\"296\" \/>\n<input type=\"hidden\" name=\"_wpcf7_version\" value=\"6.0.6\" \/>\n<input type=\"hidden\" name=\"_wpcf7_locale\" value=\"pt_BR\" \/>\n<input type=\"hidden\" name=\"_wpcf7_unit_tag\" value=\"wpcf7-f296-o1\" \/>\n<input type=\"hidden\" name=\"_wpcf7_container_post\" value=\"0\" \/>\n<input type=\"hidden\" name=\"_wpcf7_posted_data_hash\" value=\"\" \/>\n<\/div>\n<div class=\"wpcf7-response-output\" aria-hidden=\"true\"><\/div>\n<p>Seu nome (obrigat\u00f3rio)\n<\/p>\n<p><span class=\"wpcf7-form-control-wrap\" data-name=\"your-name\"><input size=\"40\" maxlength=\"400\" class=\"wpcf7-form-control wpcf7-text wpcf7-validates-as-required\" aria-required=\"true\" aria-invalid=\"false\" value=\"\" type=\"text\" name=\"your-name\" \/><\/span>\n<\/p>\n<p>Empresa (obrigat\u00f3rio)\n<\/p>\n<p><span class=\"wpcf7-form-control-wrap\" data-name=\"your-empresa\"><input size=\"40\" maxlength=\"400\" class=\"wpcf7-form-control wpcf7-text wpcf7-validates-as-required\" aria-required=\"true\" aria-invalid=\"false\" value=\"\" type=\"text\" name=\"your-empresa\" \/><\/span>\n<\/p>\n<p>Descreva sua Empresa (obrigat\u00f3rio)\n<\/p>\n<p><span class=\"wpcf7-form-control-wrap\" data-name=\"desc-empresa\"><textarea cols=\"40\" rows=\"10\" maxlength=\"2000\" class=\"wpcf7-form-control wpcf7-textarea wpcf7-validates-as-required\" aria-required=\"true\" aria-invalid=\"false\" name=\"desc-empresa\"><\/textarea><\/span>\n<\/p>\n<p>Logo da Empresa (opcional) <i>*Por gentileza enviar imagem no tamanho 150x150.<\/i>\n<\/p>\n<p><span class=\"wpcf7-form-control-wrap\" data-name=\"logo\"><input size=\"40\" class=\"wpcf7-form-control wpcf7-file\" accept=\"audio\/*,video\/*,image\/*\" aria-invalid=\"false\" type=\"file\" name=\"logo\" \/><\/span>\n<\/p>\n<p>Categoria (obrigat\u00f3rio)\n<\/p>\n<p><span class=\"wpcf7-form-control-wrap\" data-name=\"categoria\"><select class=\"wpcf7-form-control wpcf7-select wpcf7-validates-as-required\" aria-required=\"true\" aria-invalid=\"false\" name=\"categoria\"><option value=\"Alimenta\u00e7\u00e3o\">Alimenta\u00e7\u00e3o<\/option><option value=\"Beleza &amp; Sa\u00fade\">Beleza &amp; Sa\u00fade<\/option><option value=\"Com\u00e9rcios\">Com\u00e9rcios<\/option><option value=\"Educa\u00e7\u00e3o\">Educa\u00e7\u00e3o<\/option><option value=\"Esporte &amp; Lazer\">Esporte &amp; Lazer<\/option><option value=\"Im\u00f3veis\">Im\u00f3veis<\/option><option value=\"Ind\u00fastrias\">Ind\u00fastrias<\/option><option value=\"Servi\u00e7os\">Servi\u00e7os<\/option><option value=\"Ve\u00edculos\">Ve\u00edculos<\/option><\/select><\/span>\n<\/p>\n<p>Endere\u00e7o (obrigat\u00f3rio)\n<\/p>\n<p><span class=\"wpcf7-form-control-wrap\" data-name=\"your-endereco\"><input size=\"40\" maxlength=\"400\" class=\"wpcf7-form-control wpcf7-text wpcf7-validates-as-required\" aria-required=\"true\" aria-invalid=\"false\" value=\"\" type=\"text\" name=\"your-endereco\" \/><\/span>\n<\/p>\n<p>Telefone (obrigat\u00f3rio)\n<\/p>\n<p><span class=\"wpcf7-form-control-wrap\" data-name=\"telefone\"><input size=\"40\" maxlength=\"400\" class=\"wpcf7-form-control wpcf7-tel wpcf7-validates-as-required wpcf7-text wpcf7-validates-as-tel\" aria-required=\"true\" aria-invalid=\"false\" value=\"\" type=\"tel\" name=\"telefone\" \/><\/span>\n<\/p>\n<p>WhatsApp (opcional)\n<\/p>\n<p><span class=\"wpcf7-form-control-wrap\" data-name=\"whatsapp\"><input size=\"40\" maxlength=\"400\" class=\"wpcf7-form-control wpcf7-tel wpcf7-text wpcf7-validates-as-tel\" aria-invalid=\"false\" value=\"\" type=\"tel\" name=\"whatsapp\" \/><\/span>\n<\/p>\n<p>E-mail (obrigat\u00f3rio)\n<\/p>\n<p><span class=\"wpcf7-form-control-wrap\" data-name=\"email\"><input size=\"40\" maxlength=\"400\" class=\"wpcf7-form-control wpcf7-email wpcf7-validates-as-required wpcf7-text wpcf7-validates-as-email\" aria-required=\"true\" aria-invalid=\"false\" value=\"\" type=\"email\" name=\"email\" \/><\/span>\n<\/p>\n<p>Site (opcional)\n<\/p>\n<p><span class=\"wpcf7-form-control-wrap\" data-name=\"site\"><input size=\"40\" maxlength=\"400\" class=\"wpcf7-form-control wpcf7-text\" aria-invalid=\"false\" value=\"\" type=\"text\" name=\"site\" \/><\/span>\n<\/p>\n<p>Facebook (opcional)\n<\/p>\n<p><span class=\"wpcf7-form-control-wrap\" data-name=\"facebook\"><input size=\"40\" maxlength=\"400\" class=\"wpcf7-form-control wpcf7-text\" aria-invalid=\"false\" value=\"\" type=\"text\" name=\"facebook\" \/><\/span>\n<\/p>\n<p>Twitter (opcional)\n<\/p>\n<p><span class=\"wpcf7-form-control-wrap\" data-name=\"twitter\"><input size=\"40\" maxlength=\"400\" class=\"wpcf7-form-control wpcf7-text\" aria-invalid=\"false\" value=\"\" type=\"text\" name=\"twitter\" \/><\/span>\n<\/p>\n<p>Instagram(opcional)\n<\/p>\n<p><span class=\"wpcf7-form-control-wrap\" data-name=\"instagram\"><input size=\"40\" maxlength=\"400\" class=\"wpcf7-form-control wpcf7-text\" aria-invalid=\"false\" value=\"\" type=\"text\" name=\"instagram\" \/><\/span>\n<\/p>\n<p>Youtube (opcional)\n<\/p>\n<p><span class=\"wpcf7-form-control-wrap\" data-name=\"youtube\"><input size=\"40\" maxlength=\"400\" class=\"wpcf7-form-control wpcf7-text\" aria-invalid=\"false\" value=\"\" type=\"text\" name=\"youtube\" \/><\/span>\n<\/p>\n<p>LinkedIn (opcional)\n<\/p>\n<p><span class=\"wpcf7-form-control-wrap\" data-name=\"linkedin\"><input size=\"40\" maxlength=\"400\" class=\"wpcf7-form-control wpcf7-text\" aria-invalid=\"false\" value=\"\" type=\"text\" name=\"linkedin\" \/><\/span>\n<\/p>\n<p>Skype (opcional)\n<\/p>\n<p><span class=\"wpcf7-form-control-wrap\" data-name=\"skype\"><input size=\"40\" maxlength=\"400\" class=\"wpcf7-form-control wpcf7-text\" aria-invalid=\"false\" value=\"\" type=\"text\" name=\"skype\" \/><\/span>\n<\/p>\n<p>Coment\u00e1rios adicionais (Caso deseja acrescentar alguma informa\u00e7\u00e3o e\/ou n\u00e3o expor algum dado preenchido acima, favor comentar abaixo)\n<\/p>\n<p><span class=\"wpcf7-form-control-wrap\" data-name=\"comments\"><textarea cols=\"40\" rows=\"10\" maxlength=\"2000\" class=\"wpcf7-form-control wpcf7-textarea\" aria-invalid=\"false\" name=\"comments\"><\/textarea><\/span>\n<\/p>\n<p><input class=\"wpcf7-form-control wpcf7-submit has-spinner\" type=\"submit\" value=\"Enviar\" \/>\n<\/p>\n<div class=\"wpcf7-response-output\" aria-hidden=\"true\"><\/div>\n<\/form>\n<\/div>\n<\/b>\r\n\r\n[\/vc_wp_text]<\/div><\/div><\/div><\/div>","protected":false},"excerpt":{"rendered":"[vc_wp_text title=\"Cadastre sua Empresa\"]Deseja ter sua empresa GRATUITAMENTE no Guia - Guarulhos em Rede? Preencha o formul\u00e1rio abaixo e ap\u00f3s an\u00e1lise e aprova\u00e7\u00e3o, ser\u00e1 publicado.","protected":false},"author":1,"featured_media":218,"parent":0,"menu_order":0,"comment_status":"closed","ping_status":"closed","template":"page-homepage-blank.php","meta":{"footnotes":""},"class_list":["post-198","page","type-page","status-publish","has-post-thumbnail","hentry"],"yoast_head":"<!-- This site is optimized with the Yoast SEO plugin v24.9 - https:\/\/yoast.com\/wordpress\/plugins\/seo\/ -->\n<title>Cadastre-se - Guia - Guarulhos em Rede<\/title>\n<meta name=\"description\" content=\"Cadastre sua empresa no Guia - Guarulhos em Rede.\" \/>\n<meta name=\"robots\" content=\"index, follow, max-snippet:-1, max-image-preview:large, max-video-preview:-1\" \/>\n<link rel=\"canonical\" href=\"https:\/\/guarulhosemrede.com.br\/guia\/cadastre-se\/\" \/>\n<meta property=\"og:locale\" content=\"pt_BR\" \/>\n<meta property=\"og:type\" content=\"article\" \/>\n<meta property=\"og:title\" content=\"Cadastre-se - Guia - Guarulhos em Rede\" \/>\n<meta property=\"og:description\" content=\"Cadastre sua empresa no Guia - Guarulhos em Rede.\" \/>\n<meta property=\"og:url\" content=\"https:\/\/guarulhosemrede.com.br\/guia\/cadastre-se\/\" \/>\n<meta property=\"og:site_name\" content=\"Guia - Guarulhos em Rede\" \/>\n<meta property=\"article:publisher\" content=\"http:\/\/www.facebook.com\/guarulhosemrede\" \/>\n<meta property=\"article:modified_time\" content=\"2016-01-20T16:57:40+00:00\" \/>\n<meta property=\"og:image\" content=\"https:\/\/guarulhosemrede.com.br\/guia\/wp-content\/uploads\/2016\/01\/guia-guarulhos-em-rede-logo-definitivo.png\" \/>\n\t<meta property=\"og:image:width\" content=\"388\" \/>\n\t<meta property=\"og:image:height\" content=\"201\" \/>\n\t<meta property=\"og:image:type\" content=\"image\/png\" \/>\n<meta name=\"twitter:card\" content=\"summary_large_image\" \/>\n<meta name=\"twitter:site\" content=\"@guarulhosemrede\" \/>\n<script type=\"application\/ld+json\" class=\"yoast-schema-graph\">{\"@context\":\"https:\/\/schema.org\",\"@graph\":[{\"@type\":\"WebPage\",\"@id\":\"https:\/\/guarulhosemrede.com.br\/guia\/cadastre-se\/\",\"url\":\"https:\/\/guarulhosemrede.com.br\/guia\/cadastre-se\/\",\"name\":\"Cadastre-se - Guia - Guarulhos em Rede\",\"isPartOf\":{\"@id\":\"https:\/\/guarulhosemrede.com.br\/guia\/#website\"},\"primaryImageOfPage\":{\"@id\":\"https:\/\/guarulhosemrede.com.br\/guia\/cadastre-se\/#primaryimage\"},\"image\":{\"@id\":\"https:\/\/guarulhosemrede.com.br\/guia\/cadastre-se\/#primaryimage\"},\"thumbnailUrl\":\"https:\/\/guarulhosemrede.com.br\/guia\/wp-content\/uploads\/2016\/01\/guia-guarulhos-em-rede-logo-definitivo.png\",\"datePublished\":\"2016-01-20T02:09:42+00:00\",\"dateModified\":\"2016-01-20T16:57:40+00:00\",\"description\":\"Cadastre sua empresa no Guia - Guarulhos em Rede.\",\"breadcrumb\":{\"@id\":\"https:\/\/guarulhosemrede.com.br\/guia\/cadastre-se\/#breadcrumb\"},\"inLanguage\":\"pt-BR\",\"potentialAction\":[{\"@type\":\"ReadAction\",\"target\":[\"https:\/\/guarulhosemrede.com.br\/guia\/cadastre-se\/\"]}]},{\"@type\":\"ImageObject\",\"inLanguage\":\"pt-BR\",\"@id\":\"https:\/\/guarulhosemrede.com.br\/guia\/cadastre-se\/#primaryimage\",\"url\":\"https:\/\/guarulhosemrede.com.br\/guia\/wp-content\/uploads\/2016\/01\/guia-guarulhos-em-rede-logo-definitivo.png\",\"contentUrl\":\"https:\/\/guarulhosemrede.com.br\/guia\/wp-content\/uploads\/2016\/01\/guia-guarulhos-em-rede-logo-definitivo.png\",\"width\":388,\"height\":201},{\"@type\":\"BreadcrumbList\",\"@id\":\"https:\/\/guarulhosemrede.com.br\/guia\/cadastre-se\/#breadcrumb\",\"itemListElement\":[{\"@type\":\"ListItem\",\"position\":1,\"name\":\"In\u00edcio\",\"item\":\"https:\/\/guarulhosemrede.com.br\/guia\/\"},{\"@type\":\"ListItem\",\"position\":2,\"name\":\"Cadastre-se\"}]},{\"@type\":\"WebSite\",\"@id\":\"https:\/\/guarulhosemrede.com.br\/guia\/#website\",\"url\":\"https:\/\/guarulhosemrede.com.br\/guia\/\",\"name\":\"Guia - Guarulhos em Rede\",\"description\":\"Tudo o que voc\u00ea procura est\u00e1 aqui!\",\"publisher\":{\"@id\":\"https:\/\/guarulhosemrede.com.br\/guia\/#organization\"},\"potentialAction\":[{\"@type\":\"SearchAction\",\"target\":{\"@type\":\"EntryPoint\",\"urlTemplate\":\"https:\/\/guarulhosemrede.com.br\/guia\/?s={search_term_string}\"},\"query-input\":{\"@type\":\"PropertyValueSpecification\",\"valueRequired\":true,\"valueName\":\"search_term_string\"}}],\"inLanguage\":\"pt-BR\"},{\"@type\":\"Organization\",\"@id\":\"https:\/\/guarulhosemrede.com.br\/guia\/#organization\",\"name\":\"Princiotti Servi\u00e7os de Inform\u00e1tica\",\"url\":\"https:\/\/guarulhosemrede.com.br\/guia\/\",\"logo\":{\"@type\":\"ImageObject\",\"inLanguage\":\"pt-BR\",\"@id\":\"https:\/\/guarulhosemrede.com.br\/guia\/#\/schema\/logo\/image\/\",\"url\":\"http:\/\/guarulhosemrede.com.br\/guia\/wp-content\/uploads\/2016\/01\/logo-top.png\",\"contentUrl\":\"http:\/\/guarulhosemrede.com.br\/guia\/wp-content\/uploads\/2016\/01\/logo-top.png\",\"width\":1080,\"height\":300,\"caption\":\"Princiotti Servi\u00e7os de Inform\u00e1tica\"},\"image\":{\"@id\":\"https:\/\/guarulhosemrede.com.br\/guia\/#\/schema\/logo\/image\/\"},\"sameAs\":[\"http:\/\/www.facebook.com\/guarulhosemrede\",\"https:\/\/x.com\/guarulhosemrede\",\"https:\/\/www.youtube.com\/channel\/UCzKH0mJrQGNZmfeJoP0CL6Q\"]}]}<\/script>\n<!-- \/ Yoast SEO plugin. -->","yoast_head_json":{"title":"Cadastre-se - Guia - Guarulhos em Rede","description":"Cadastre sua empresa no Guia - Guarulhos em Rede.","robots":{"index":"index","follow":"follow","max-snippet":"max-snippet:-1","max-image-preview":"max-image-preview:large","max-video-preview":"max-video-preview:-1"},"canonical":"https:\/\/guarulhosemrede.com.br\/guia\/cadastre-se\/","og_locale":"pt_BR","og_type":"article","og_title":"Cadastre-se - Guia - Guarulhos em Rede","og_description":"Cadastre sua empresa no Guia - Guarulhos em Rede.","og_url":"https:\/\/guarulhosemrede.com.br\/guia\/cadastre-se\/","og_site_name":"Guia - Guarulhos em Rede","article_publisher":"http:\/\/www.facebook.com\/guarulhosemrede","article_modified_time":"2016-01-20T16:57:40+00:00","og_image":[{"width":388,"height":201,"url":"https:\/\/guarulhosemrede.com.br\/guia\/wp-content\/uploads\/2016\/01\/guia-guarulhos-em-rede-logo-definitivo.png","type":"image\/png"}],"twitter_card":"summary_large_image","twitter_site":"@guarulhosemrede","schema":{"@context":"https:\/\/schema.org","@graph":[{"@type":"WebPage","@id":"https:\/\/guarulhosemrede.com.br\/guia\/cadastre-se\/","url":"https:\/\/guarulhosemrede.com.br\/guia\/cadastre-se\/","name":"Cadastre-se - Guia - Guarulhos em Rede","isPartOf":{"@id":"https:\/\/guarulhosemrede.com.br\/guia\/#website"},"primaryImageOfPage":{"@id":"https:\/\/guarulhosemrede.com.br\/guia\/cadastre-se\/#primaryimage"},"image":{"@id":"https:\/\/guarulhosemrede.com.br\/guia\/cadastre-se\/#primaryimage"},"thumbnailUrl":"https:\/\/guarulhosemrede.com.br\/guia\/wp-content\/uploads\/2016\/01\/guia-guarulhos-em-rede-logo-definitivo.png","datePublished":"2016-01-20T02:09:42+00:00","dateModified":"2016-01-20T16:57:40+00:00","description":"Cadastre sua empresa no Guia - Guarulhos em Rede.","breadcrumb":{"@id":"https:\/\/guarulhosemrede.com.br\/guia\/cadastre-se\/#breadcrumb"},"inLanguage":"pt-BR","potentialAction":[{"@type":"ReadAction","target":["https:\/\/guarulhosemrede.com.br\/guia\/cadastre-se\/"]}]},{"@type":"ImageObject","inLanguage":"pt-BR","@id":"https:\/\/guarulhosemrede.com.br\/guia\/cadastre-se\/#primaryimage","url":"https:\/\/guarulhosemrede.com.br\/guia\/wp-content\/uploads\/2016\/01\/guia-guarulhos-em-rede-logo-definitivo.png","contentUrl":"https:\/\/guarulhosemrede.com.br\/guia\/wp-content\/uploads\/2016\/01\/guia-guarulhos-em-rede-logo-definitivo.png","width":388,"height":201},{"@type":"BreadcrumbList","@id":"https:\/\/guarulhosemrede.com.br\/guia\/cadastre-se\/#breadcrumb","itemListElement":[{"@type":"ListItem","position":1,"name":"In\u00edcio","item":"https:\/\/guarulhosemrede.com.br\/guia\/"},{"@type":"ListItem","position":2,"name":"Cadastre-se"}]},{"@type":"WebSite","@id":"https:\/\/guarulhosemrede.com.br\/guia\/#website","url":"https:\/\/guarulhosemrede.com.br\/guia\/","name":"Guia - Guarulhos em Rede","description":"Tudo o que voc\u00ea procura est\u00e1 aqui!","publisher":{"@id":"https:\/\/guarulhosemrede.com.br\/guia\/#organization"},"potentialAction":[{"@type":"SearchAction","target":{"@type":"EntryPoint","urlTemplate":"https:\/\/guarulhosemrede.com.br\/guia\/?s={search_term_string}"},"query-input":{"@type":"PropertyValueSpecification","valueRequired":true,"valueName":"search_term_string"}}],"inLanguage":"pt-BR"},{"@type":"Organization","@id":"https:\/\/guarulhosemrede.com.br\/guia\/#organization","name":"Princiotti Servi\u00e7os de Inform\u00e1tica","url":"https:\/\/guarulhosemrede.com.br\/guia\/","logo":{"@type":"ImageObject","inLanguage":"pt-BR","@id":"https:\/\/guarulhosemrede.com.br\/guia\/#\/schema\/logo\/image\/","url":"http:\/\/guarulhosemrede.com.br\/guia\/wp-content\/uploads\/2016\/01\/logo-top.png","contentUrl":"http:\/\/guarulhosemrede.com.br\/guia\/wp-content\/uploads\/2016\/01\/logo-top.png","width":1080,"height":300,"caption":"Princiotti Servi\u00e7os de Inform\u00e1tica"},"image":{"@id":"https:\/\/guarulhosemrede.com.br\/guia\/#\/schema\/logo\/image\/"},"sameAs":["http:\/\/www.facebook.com\/guarulhosemrede","https:\/\/x.com\/guarulhosemrede","https:\/\/www.youtube.com\/channel\/UCzKH0mJrQGNZmfeJoP0CL6Q"]}]}},"_links":{"self":[{"href":"https:\/\/guarulhosemrede.com.br\/guia\/wp-json\/wp\/v2\/pages\/198","targetHints":{"allow":["GET"]}}],"collection":[{"href":"https:\/\/guarulhosemrede.com.br\/guia\/wp-json\/wp\/v2\/pages"}],"about":[{"href":"https:\/\/guarulhosemrede.com.br\/guia\/wp-json\/wp\/v2\/types\/page"}],"author":[{"embeddable":true,"href":"https:\/\/guarulhosemrede.com.br\/guia\/wp-json\/wp\/v2\/users\/1"}],"replies":[{"embeddable":true,"href":"https:\/\/guarulhosemrede.com.br\/guia\/wp-json\/wp\/v2\/comments?post=198"}],"version-history":[{"count":3,"href":"https:\/\/guarulhosemrede.com.br\/guia\/wp-json\/wp\/v2\/pages\/198\/revisions"}],"predecessor-version":[{"id":300,"href":"https:\/\/guarulhosemrede.com.br\/guia\/wp-json\/wp\/v2\/pages\/198\/revisions\/300"}],"wp:featuredmedia":[{"embeddable":true,"href":"https:\/\/guarulhosemrede.com.br\/guia\/wp-json\/wp\/v2\/media\/218"}],"wp:attachment":[{"href":"https:\/\/guarulhosemrede.com.br\/guia\/wp-json\/wp\/v2\/media?parent=198"}],"curies":[{"name":"wp","href":"https:\/\/api.w.org\/{rel}","templated":true}]}}