{"id":200,"date":"2016-01-20T02:09:35","date_gmt":"2016-01-20T02:09:35","guid":{"rendered":"http:\/\/guarulhosemrede.com.br\/guia\/?page_id=200"},"modified":"2016-01-20T16:47:36","modified_gmt":"2016-01-20T16:47:36","slug":"quem-somos","status":"publish","type":"page","link":"https:\/\/guarulhosemrede.com.br\/guia\/quem-somos\/","title":{"rendered":"Quem Somos"},"content":{"rendered":"<div id=\"td_uid_1_69f48eee7bebd\" class=\"tdc-row\"><div class=\"vc_row td_uid_1_69f48eee7bec9_rand  wpb_row td-pb-row\" ><div class=\"vc_column td_uid_2_69f48eee7bf66_rand  wpb_column vc_column_container td-pb-span12\"><div class=\"wpb_wrapper\">[vc_wp_text title=&#8221;Quem Somos&#8221;]\r\n\r\nO <b>Guia &#8211; Guarulhos em Rede<\/b> \u00e9 um guia online que permite aos internautas guarulhenses encontrem um com\u00e9rcio, ind\u00fastria e\/ou prestador de servi\u00e7o que necessita.\r\n\r\nTodas as empresas aqui cadastradas est\u00e3o localizadas na cidade de Guarulhos, tornando a vida do nosso leitor mais f\u00e1cil.\r\n\r\nSe voc\u00ea tem uma empresa ou \u00e9 prestador de servi\u00e7o cadastre-se no <b>Guia &#8211; Guarulhos em Rede<\/b> e comece a ganhar clientes![\/vc_wp_text]<\/div><\/div><\/div><\/div>","protected":false},"excerpt":{"rendered":"[vc_wp_text title=\"Quem Somos\"] O Guia - Guarulhos em Rede \u00e9 um guia online que permite aos internautas guarulhenses encontrem um com\u00e9rcio, ind\u00fastria e\/ou prestador de servi\u00e7o que necessita. Todas as empresas aqui cadastradas est\u00e3o localizadas na cidade de Guarulhos, tornando a vida do nosso leitor mais f\u00e1cil. Se voc\u00ea tem uma empresa ou \u00e9 prestador [...]","protected":false},"author":1,"featured_media":218,"parent":0,"menu_order":0,"comment_status":"closed","ping_status":"closed","template":"page-homepage-blank.php","meta":{"footnotes":""},"class_list":["post-200","page","type-page","status-publish","has-post-thumbnail","hentry"],"yoast_head":"<!-- This site is optimized with the Yoast SEO plugin v24.9 - https:\/\/yoast.com\/wordpress\/plugins\/seo\/ -->\n<title>Quem Somos - Guia - Guarulhos em Rede<\/title>\n<meta name=\"description\" content=\"Conhe\u00e7a quem faz o Guia - Guarulhos em Rede.\" \/>\n<meta name=\"robots\" content=\"index, follow, max-snippet:-1, max-image-preview:large, max-video-preview:-1\" \/>\n<link rel=\"canonical\" href=\"https:\/\/guarulhosemrede.com.br\/guia\/quem-somos\/\" \/>\n<meta property=\"og:locale\" content=\"pt_BR\" \/>\n<meta property=\"og:type\" content=\"article\" \/>\n<meta property=\"og:title\" content=\"Quem Somos - Guia - Guarulhos em Rede\" \/>\n<meta property=\"og:description\" content=\"Conhe\u00e7a quem faz o Guia - Guarulhos em Rede.\" \/>\n<meta property=\"og:url\" content=\"https:\/\/guarulhosemrede.com.br\/guia\/quem-somos\/\" \/>\n<meta property=\"og:site_name\" content=\"Guia - Guarulhos em Rede\" \/>\n<meta property=\"article:publisher\" content=\"http:\/\/www.facebook.com\/guarulhosemrede\" \/>\n<meta property=\"article:modified_time\" content=\"2016-01-20T16:47:36+00:00\" \/>\n<meta property=\"og:image\" content=\"https:\/\/guarulhosemrede.com.br\/guia\/wp-content\/uploads\/2016\/01\/guia-guarulhos-em-rede-logo-definitivo.png\" \/>\n\t<meta property=\"og:image:width\" content=\"388\" \/>\n\t<meta property=\"og:image:height\" content=\"201\" \/>\n\t<meta property=\"og:image:type\" content=\"image\/png\" \/>\n<meta name=\"twitter:card\" content=\"summary_large_image\" \/>\n<meta name=\"twitter:site\" content=\"@guarulhosemrede\" \/>\n<script type=\"application\/ld+json\" class=\"yoast-schema-graph\">{\"@context\":\"https:\/\/schema.org\",\"@graph\":[{\"@type\":\"WebPage\",\"@id\":\"https:\/\/guarulhosemrede.com.br\/guia\/quem-somos\/\",\"url\":\"https:\/\/guarulhosemrede.com.br\/guia\/quem-somos\/\",\"name\":\"Quem Somos - Guia - Guarulhos em Rede\",\"isPartOf\":{\"@id\":\"https:\/\/guarulhosemrede.com.br\/guia\/#website\"},\"primaryImageOfPage\":{\"@id\":\"https:\/\/guarulhosemrede.com.br\/guia\/quem-somos\/#primaryimage\"},\"image\":{\"@id\":\"https:\/\/guarulhosemrede.com.br\/guia\/quem-somos\/#primaryimage\"},\"thumbnailUrl\":\"https:\/\/guarulhosemrede.com.br\/guia\/wp-content\/uploads\/2016\/01\/guia-guarulhos-em-rede-logo-definitivo.png\",\"datePublished\":\"2016-01-20T02:09:35+00:00\",\"dateModified\":\"2016-01-20T16:47:36+00:00\",\"description\":\"Conhe\u00e7a quem faz o Guia - Guarulhos em Rede.\",\"breadcrumb\":{\"@id\":\"https:\/\/guarulhosemrede.com.br\/guia\/quem-somos\/#breadcrumb\"},\"inLanguage\":\"pt-BR\",\"potentialAction\":[{\"@type\":\"ReadAction\",\"target\":[\"https:\/\/guarulhosemrede.com.br\/guia\/quem-somos\/\"]}]},{\"@type\":\"ImageObject\",\"inLanguage\":\"pt-BR\",\"@id\":\"https:\/\/guarulhosemrede.com.br\/guia\/quem-somos\/#primaryimage\",\"url\":\"https:\/\/guarulhosemrede.com.br\/guia\/wp-content\/uploads\/2016\/01\/guia-guarulhos-em-rede-logo-definitivo.png\",\"contentUrl\":\"https:\/\/guarulhosemrede.com.br\/guia\/wp-content\/uploads\/2016\/01\/guia-guarulhos-em-rede-logo-definitivo.png\",\"width\":388,\"height\":201},{\"@type\":\"BreadcrumbList\",\"@id\":\"https:\/\/guarulhosemrede.com.br\/guia\/quem-somos\/#breadcrumb\",\"itemListElement\":[{\"@type\":\"ListItem\",\"position\":1,\"name\":\"In\u00edcio\",\"item\":\"https:\/\/guarulhosemrede.com.br\/guia\/\"},{\"@type\":\"ListItem\",\"position\":2,\"name\":\"Quem Somos\"}]},{\"@type\":\"WebSite\",\"@id\":\"https:\/\/guarulhosemrede.com.br\/guia\/#website\",\"url\":\"https:\/\/guarulhosemrede.com.br\/guia\/\",\"name\":\"Guia - Guarulhos em Rede\",\"description\":\"Tudo o que voc\u00ea procura est\u00e1 aqui!\",\"publisher\":{\"@id\":\"https:\/\/guarulhosemrede.com.br\/guia\/#organization\"},\"potentialAction\":[{\"@type\":\"SearchAction\",\"target\":{\"@type\":\"EntryPoint\",\"urlTemplate\":\"https:\/\/guarulhosemrede.com.br\/guia\/?s={search_term_string}\"},\"query-input\":{\"@type\":\"PropertyValueSpecification\",\"valueRequired\":true,\"valueName\":\"search_term_string\"}}],\"inLanguage\":\"pt-BR\"},{\"@type\":\"Organization\",\"@id\":\"https:\/\/guarulhosemrede.com.br\/guia\/#organization\",\"name\":\"Princiotti Servi\u00e7os de Inform\u00e1tica\",\"url\":\"https:\/\/guarulhosemrede.com.br\/guia\/\",\"logo\":{\"@type\":\"ImageObject\",\"inLanguage\":\"pt-BR\",\"@id\":\"https:\/\/guarulhosemrede.com.br\/guia\/#\/schema\/logo\/image\/\",\"url\":\"http:\/\/guarulhosemrede.com.br\/guia\/wp-content\/uploads\/2016\/01\/logo-top.png\",\"contentUrl\":\"http:\/\/guarulhosemrede.com.br\/guia\/wp-content\/uploads\/2016\/01\/logo-top.png\",\"width\":1080,\"height\":300,\"caption\":\"Princiotti Servi\u00e7os de Inform\u00e1tica\"},\"image\":{\"@id\":\"https:\/\/guarulhosemrede.com.br\/guia\/#\/schema\/logo\/image\/\"},\"sameAs\":[\"http:\/\/www.facebook.com\/guarulhosemrede\",\"https:\/\/x.com\/guarulhosemrede\",\"https:\/\/www.youtube.com\/channel\/UCzKH0mJrQGNZmfeJoP0CL6Q\"]}]}<\/script>\n<!-- \/ Yoast SEO plugin. -->","yoast_head_json":{"title":"Quem Somos - Guia - Guarulhos em Rede","description":"Conhe\u00e7a quem faz o Guia - Guarulhos em Rede.","robots":{"index":"index","follow":"follow","max-snippet":"max-snippet:-1","max-image-preview":"max-image-preview:large","max-video-preview":"max-video-preview:-1"},"canonical":"https:\/\/guarulhosemrede.com.br\/guia\/quem-somos\/","og_locale":"pt_BR","og_type":"article","og_title":"Quem Somos - Guia - Guarulhos em Rede","og_description":"Conhe\u00e7a quem faz o Guia - Guarulhos em Rede.","og_url":"https:\/\/guarulhosemrede.com.br\/guia\/quem-somos\/","og_site_name":"Guia - Guarulhos em Rede","article_publisher":"http:\/\/www.facebook.com\/guarulhosemrede","article_modified_time":"2016-01-20T16:47:36+00:00","og_image":[{"width":388,"height":201,"url":"https:\/\/guarulhosemrede.com.br\/guia\/wp-content\/uploads\/2016\/01\/guia-guarulhos-em-rede-logo-definitivo.png","type":"image\/png"}],"twitter_card":"summary_large_image","twitter_site":"@guarulhosemrede","schema":{"@context":"https:\/\/schema.org","@graph":[{"@type":"WebPage","@id":"https:\/\/guarulhosemrede.com.br\/guia\/quem-somos\/","url":"https:\/\/guarulhosemrede.com.br\/guia\/quem-somos\/","name":"Quem Somos - Guia - Guarulhos em Rede","isPartOf":{"@id":"https:\/\/guarulhosemrede.com.br\/guia\/#website"},"primaryImageOfPage":{"@id":"https:\/\/guarulhosemrede.com.br\/guia\/quem-somos\/#primaryimage"},"image":{"@id":"https:\/\/guarulhosemrede.com.br\/guia\/quem-somos\/#primaryimage"},"thumbnailUrl":"https:\/\/guarulhosemrede.com.br\/guia\/wp-content\/uploads\/2016\/01\/guia-guarulhos-em-rede-logo-definitivo.png","datePublished":"2016-01-20T02:09:35+00:00","dateModified":"2016-01-20T16:47:36+00:00","description":"Conhe\u00e7a quem faz o Guia - Guarulhos em Rede.","breadcrumb":{"@id":"https:\/\/guarulhosemrede.com.br\/guia\/quem-somos\/#breadcrumb"},"inLanguage":"pt-BR","potentialAction":[{"@type":"ReadAction","target":["https:\/\/guarulhosemrede.com.br\/guia\/quem-somos\/"]}]},{"@type":"ImageObject","inLanguage":"pt-BR","@id":"https:\/\/guarulhosemrede.com.br\/guia\/quem-somos\/#primaryimage","url":"https:\/\/guarulhosemrede.com.br\/guia\/wp-content\/uploads\/2016\/01\/guia-guarulhos-em-rede-logo-definitivo.png","contentUrl":"https:\/\/guarulhosemrede.com.br\/guia\/wp-content\/uploads\/2016\/01\/guia-guarulhos-em-rede-logo-definitivo.png","width":388,"height":201},{"@type":"BreadcrumbList","@id":"https:\/\/guarulhosemrede.com.br\/guia\/quem-somos\/#breadcrumb","itemListElement":[{"@type":"ListItem","position":1,"name":"In\u00edcio","item":"https:\/\/guarulhosemrede.com.br\/guia\/"},{"@type":"ListItem","position":2,"name":"Quem Somos"}]},{"@type":"WebSite","@id":"https:\/\/guarulhosemrede.com.br\/guia\/#website","url":"https:\/\/guarulhosemrede.com.br\/guia\/","name":"Guia - Guarulhos em Rede","description":"Tudo o que voc\u00ea procura est\u00e1 aqui!","publisher":{"@id":"https:\/\/guarulhosemrede.com.br\/guia\/#organization"},"potentialAction":[{"@type":"SearchAction","target":{"@type":"EntryPoint","urlTemplate":"https:\/\/guarulhosemrede.com.br\/guia\/?s={search_term_string}"},"query-input":{"@type":"PropertyValueSpecification","valueRequired":true,"valueName":"search_term_string"}}],"inLanguage":"pt-BR"},{"@type":"Organization","@id":"https:\/\/guarulhosemrede.com.br\/guia\/#organization","name":"Princiotti Servi\u00e7os de Inform\u00e1tica","url":"https:\/\/guarulhosemrede.com.br\/guia\/","logo":{"@type":"ImageObject","inLanguage":"pt-BR","@id":"https:\/\/guarulhosemrede.com.br\/guia\/#\/schema\/logo\/image\/","url":"http:\/\/guarulhosemrede.com.br\/guia\/wp-content\/uploads\/2016\/01\/logo-top.png","contentUrl":"http:\/\/guarulhosemrede.com.br\/guia\/wp-content\/uploads\/2016\/01\/logo-top.png","width":1080,"height":300,"caption":"Princiotti Servi\u00e7os de Inform\u00e1tica"},"image":{"@id":"https:\/\/guarulhosemrede.com.br\/guia\/#\/schema\/logo\/image\/"},"sameAs":["http:\/\/www.facebook.com\/guarulhosemrede","https:\/\/x.com\/guarulhosemrede","https:\/\/www.youtube.com\/channel\/UCzKH0mJrQGNZmfeJoP0CL6Q"]}]}},"_links":{"self":[{"href":"https:\/\/guarulhosemrede.com.br\/guia\/wp-json\/wp\/v2\/pages\/200","targetHints":{"allow":["GET"]}}],"collection":[{"href":"https:\/\/guarulhosemrede.com.br\/guia\/wp-json\/wp\/v2\/pages"}],"about":[{"href":"https:\/\/guarulhosemrede.com.br\/guia\/wp-json\/wp\/v2\/types\/page"}],"author":[{"embeddable":true,"href":"https:\/\/guarulhosemrede.com.br\/guia\/wp-json\/wp\/v2\/users\/1"}],"replies":[{"embeddable":true,"href":"https:\/\/guarulhosemrede.com.br\/guia\/wp-json\/wp\/v2\/comments?post=200"}],"version-history":[{"count":5,"href":"https:\/\/guarulhosemrede.com.br\/guia\/wp-json\/wp\/v2\/pages\/200\/revisions"}],"predecessor-version":[{"id":299,"href":"https:\/\/guarulhosemrede.com.br\/guia\/wp-json\/wp\/v2\/pages\/200\/revisions\/299"}],"wp:featuredmedia":[{"embeddable":true,"href":"https:\/\/guarulhosemrede.com.br\/guia\/wp-json\/wp\/v2\/media\/218"}],"wp:attachment":[{"href":"https:\/\/guarulhosemrede.com.br\/guia\/wp-json\/wp\/v2\/media?parent=200"}],"curies":[{"name":"wp","href":"https:\/\/api.w.org\/{rel}","templated":true}]}}